{"id":538,"date":"2018-03-12T13:41:23","date_gmt":"2018-03-12T13:41:23","guid":{"rendered":"https:\/\/demo.mekshq.com\/trawell\/dc\/?page_id=538"},"modified":"2022-09-07T17:31:15","modified_gmt":"2022-09-07T17:31:15","slug":"authors","status":"publish","type":"page","link":"https:\/\/espritofadventures.com\/fr\/authors\/","title":{"rendered":"\u00c0 propos"},"content":{"rendered":"<p>Nous sommes une famille de quatre personnes du sud de la Californie qui se lance dans un voyage \u00e0 travers le monde sur une p\u00e9riode d'un an. Pas de travail officiel pour les parents, mais beaucoup de scolarit\u00e9 en cours de route pour les adolescents. Les parents aussi. Nous nous donnons une chance d'explorer au-del\u00e0 de nos fronti\u00e8res confortables. Nous pr\u00e9voyons d'approfondir notre lien avec nos enfants et avec le monde. Nous sommes certains que nos voyages seront une exp\u00e9rience inestimable qui les m\u00e8nera \u00e0 l'\u00e2ge adulte.&nbsp;&nbsp;&nbsp;<\/p>\n\n\n\n<p>Nous avons d\u00e9cid\u00e9 de prendre une ann\u00e9e sabbatique en famille en 2020, mais il y a eu ce truc appel\u00e9 Covid -19 qui a \u00ab verrouill\u00e9 \u00bb nos r\u00eaves pendant un moment. En 2022, nous franchissons enfin le pas. Lorsque vous continuez \u00e0 parler d'un projet, vous devez \u00e9ventuellement suivre le chemin. Et, litt\u00e9ralement, nous MARCHERONS.&nbsp;<\/p>\n\n\n\n<p>Apr\u00e8s une longue pause de voyages \u00e0 l'\u00e9tranger (2 ans ne semblent pas si longs en termes r\u00e9els), nous allons commencer en France pour voir la famille et les amis. Notre premi\u00e8re \u00e9tape de ce voyage d'un an sera de parcourir le Camino de Santiago via le Camino Frances. Ce p\u00e8lerinage peut se faire de plusieurs fa\u00e7ons : v\u00e9lo, cheval et marche. Le voyage de 500 milles devrait prendre environ 30 \u00e0 45 jours. Oui, vous avez bien lu - 500 miles !!!&nbsp;&nbsp;<\/p>\n\n\n\n<p>Il y a beaucoup de questions \u00e0 poser et beaucoup de r\u00e9ponses qui m\u00e8nent \u00e0 plus de questions. Restez \u00e0 l'\u00e9coute pour les mises \u00e0 jour. Les enfants mettront \u00e0 jour le site avec leur r\u00e9cit de nos aventures et r\u00e9flexions quotidiennes. Cela fera partie de leur formation continue en arts du langage anglais et fran\u00e7ais.&nbsp;<\/p>\n\n\n\n<figure class=\"wp-block-image size-large\"><a class=\"trawell-popup-img\" href=\"https:\/\/mlu4zurlnqg2.i.optimole.com\/w:auto\/h:auto\/q:mauto\/f:best\/https:\/\/espritofadventures.com\/wp-content\/uploads\/2022\/08\/EOAfamilyDrawing6-scaled.jpg\"  data-size=\"{&quot;w&quot;:1920,&quot;h&quot;:1280}\" ><img data-opt-id=996488003  fetchpriority=\"high\" decoding=\"async\" width=\"1024\" height=\"663\" src=\"https:\/\/mlu4zurlnqg2.i.optimole.com\/w:1024\/h:663\/q:mauto\/f:best\/https:\/\/espritofadventures.com\/wp-content\/uploads\/2022\/08\/EOAfamilyDrawing6.jpg\" alt=\"\" class=\"wp-image-736\" srcset=\"https:\/\/mlu4zurlnqg2.i.optimole.com\/w:1024\/h:663\/q:mauto\/f:best\/https:\/\/espritofadventures.com\/wp-content\/uploads\/2022\/08\/EOAfamilyDrawing6-scaled.jpg 1024w, https:\/\/mlu4zurlnqg2.i.optimole.com\/w:300\/h:194\/q:mauto\/f:best\/https:\/\/espritofadventures.com\/wp-content\/uploads\/2022\/08\/EOAfamilyDrawing6-scaled.jpg 300w, https:\/\/mlu4zurlnqg2.i.optimole.com\/w:768\/h:497\/q:mauto\/f:best\/https:\/\/espritofadventures.com\/wp-content\/uploads\/2022\/08\/EOAfamilyDrawing6-scaled.jpg 768w, https:\/\/mlu4zurlnqg2.i.optimole.com\/w:1536\/h:994\/q:mauto\/f:best\/https:\/\/espritofadventures.com\/wp-content\/uploads\/2022\/08\/EOAfamilyDrawing6-scaled.jpg 1536w, https:\/\/mlu4zurlnqg2.i.optimole.com\/w:1669\/h:1080\/q:mauto\/f:best\/https:\/\/espritofadventures.com\/wp-content\/uploads\/2022\/08\/EOAfamilyDrawing6-scaled.jpg 2048w, https:\/\/mlu4zurlnqg2.i.optimole.com\/w:1669\/h:1080\/q:mauto\/f:best\/https:\/\/espritofadventures.com\/wp-content\/uploads\/2022\/08\/EOAfamilyDrawing6-scaled.jpg 1920w, https:\/\/mlu4zurlnqg2.i.optimole.com\/w:600\/h:388\/q:mauto\/f:best\/https:\/\/espritofadventures.com\/wp-content\/uploads\/2022\/08\/EOAfamilyDrawing6-scaled.jpg 600w, https:\/\/mlu4zurlnqg2.i.optimole.com\/w:800\/h:518\/q:mauto\/f:best\/https:\/\/espritofadventures.com\/wp-content\/uploads\/2022\/08\/EOAfamilyDrawing6-scaled.jpg 800w\" sizes=\"(max-width: 1024px) 100vw, 1024px\" \/><\/a><\/figure>\n\n\n\n<p>Click on the image to enlarge<\/p>","protected":false},"excerpt":{"rendered":"<p>We are a family of four from Southern California embarking on a journey to travel the globe over a one year span.&nbsp; No official work&nbsp; for the parents, but plenty of schooling along the way for the teenagers. Parents, too. &nbsp; We are giving ourselves a chance to explore beyond our comfortable borders. We plan [&hellip;]<\/p>\n","protected":false},"author":1,"featured_media":736,"parent":0,"menu_order":0,"comment_status":"closed","ping_status":"closed","template":"template-authors.php","meta":{"footnotes":""},"ppma_author":[60],"class_list":["post-538","page","type-page","status-publish","has-post-thumbnail","hentry"],"yoast_head":"<!-- This site is optimized with the Yoast SEO plugin v27.4 - https:\/\/yoast.com\/product\/yoast-seo-wordpress\/ -->\n<title>Authors page - Esprit of Adventures<\/title>\n<meta name=\"robots\" content=\"index, follow, max-snippet:-1, max-image-preview:large, max-video-preview:-1\" \/>\n<link rel=\"canonical\" href=\"https:\/\/espritofadventures.com\/fr\/authors\/\" \/>\n<meta property=\"og:locale\" content=\"fr_FR\" \/>\n<meta property=\"og:type\" content=\"article\" \/>\n<meta property=\"og:title\" content=\"Authors page - Esprit of Adventures\" \/>\n<meta property=\"og:description\" content=\"We are a family of four from Southern California embarking on a journey to travel the globe over a one year span.&nbsp; No official work&nbsp; for the parents, but plenty of schooling along the way for the teenagers. Parents, too. &nbsp; We are giving ourselves a chance to explore beyond our comfortable borders. We plan [&hellip;]\" \/>\n<meta property=\"og:url\" content=\"https:\/\/espritofadventures.com\/fr\/authors\/\" \/>\n<meta property=\"og:site_name\" content=\"Esprit of Adventures\" \/>\n<meta property=\"article:modified_time\" content=\"2022-09-07T17:31:15+00:00\" \/>\n<meta property=\"og:image\" content=\"https:\/\/mlu4zurlnqg2.i.optimole.com\/w:auto\/h:auto\/q:mauto\/f:best\/https:\/\/espritofadventures.com\/wp-content\/uploads\/2022\/08\/EOAfamilyDrawing6-scaled.jpg\" \/>\n\t<meta property=\"og:image:width\" content=\"2560\" \/>\n\t<meta property=\"og:image:height\" content=\"1656\" \/>\n\t<meta property=\"og:image:type\" content=\"image\/jpeg\" \/>\n<meta name=\"twitter:card\" content=\"summary_large_image\" \/>\n<meta name=\"twitter:label1\" content=\"Dur\u00e9e de lecture estim\u00e9e\" \/>\n\t<meta name=\"twitter:data1\" content=\"2 minutes\" \/>\n<script type=\"application\/ld+json\" class=\"yoast-schema-graph\">{\"@context\":\"https:\\\/\\\/schema.org\",\"@graph\":[{\"@type\":\"WebPage\",\"@id\":\"https:\\\/\\\/espritofadventures.com\\\/authors\\\/\",\"url\":\"https:\\\/\\\/espritofadventures.com\\\/authors\\\/\",\"name\":\"Authors page - Esprit of Adventures\",\"isPartOf\":{\"@id\":\"https:\\\/\\\/espritofadventures.com\\\/fr\\\/#website\"},\"primaryImageOfPage\":{\"@id\":\"https:\\\/\\\/espritofadventures.com\\\/authors\\\/#primaryimage\"},\"image\":{\"@id\":\"https:\\\/\\\/espritofadventures.com\\\/authors\\\/#primaryimage\"},\"thumbnailUrl\":\"https:\\/\\/espritofadventures.com\\/wp-content\\/uploads\\/2022\\/08\\/EOAfamilyDrawing6-scaled.jpg\",\"datePublished\":\"2018-03-12T13:41:23+00:00\",\"dateModified\":\"2022-09-07T17:31:15+00:00\",\"breadcrumb\":{\"@id\":\"https:\\\/\\\/espritofadventures.com\\\/authors\\\/#breadcrumb\"},\"inLanguage\":\"fr-FR\",\"potentialAction\":[{\"@type\":\"ReadAction\",\"target\":[\"https:\\\/\\\/espritofadventures.com\\\/authors\\\/\"]}]},{\"@type\":\"ImageObject\",\"inLanguage\":\"fr-FR\",\"@id\":\"https:\\\/\\\/espritofadventures.com\\\/authors\\\/#primaryimage\",\"url\":\"https:\\/\\/espritofadventures.com\\/wp-content\\/uploads\\/2022\\/08\\/EOAfamilyDrawing6-scaled.jpg\",\"contentUrl\":\"https:\\/\\/espritofadventures.com\\/wp-content\\/uploads\\/2022\\/08\\/EOAfamilyDrawing6-scaled.jpg\",\"width\":2560,\"height\":1656},{\"@type\":\"BreadcrumbList\",\"@id\":\"https:\\\/\\\/espritofadventures.com\\\/authors\\\/#breadcrumb\",\"itemListElement\":[{\"@type\":\"ListItem\",\"position\":1,\"name\":\"Home\",\"item\":\"https:\\\/\\\/espritofadventures.com\\\/\"},{\"@type\":\"ListItem\",\"position\":2,\"name\":\"Authors page\"}]},{\"@type\":\"WebSite\",\"@id\":\"https:\\\/\\\/espritofadventures.com\\\/fr\\\/#website\",\"url\":\"https:\\\/\\\/espritofadventures.com\\\/fr\\\/\",\"name\":\"Esprit of Adventures\",\"description\":\"Family Travel year world\",\"potentialAction\":[{\"@type\":\"SearchAction\",\"target\":{\"@type\":\"EntryPoint\",\"urlTemplate\":\"https:\\\/\\\/espritofadventures.com\\\/fr\\\/?s={search_term_string}\"},\"query-input\":{\"@type\":\"PropertyValueSpecification\",\"valueRequired\":true,\"valueName\":\"search_term_string\"}}],\"inLanguage\":\"fr-FR\"}]}<\/script>\n<!-- \/ Yoast SEO plugin. -->","yoast_head_json":{"title":"Authors page - Esprit of Adventures","robots":{"index":"index","follow":"follow","max-snippet":"max-snippet:-1","max-image-preview":"max-image-preview:large","max-video-preview":"max-video-preview:-1"},"canonical":"https:\/\/espritofadventures.com\/fr\/authors\/","og_locale":"fr_FR","og_type":"article","og_title":"Authors page - Esprit of Adventures","og_description":"We are a family of four from Southern California embarking on a journey to travel the globe over a one year span.&nbsp; No official work&nbsp; for the parents, but plenty of schooling along the way for the teenagers. Parents, too. &nbsp; We are giving ourselves a chance to explore beyond our comfortable borders. We plan [&hellip;]","og_url":"https:\/\/espritofadventures.com\/fr\/authors\/","og_site_name":"Esprit of Adventures","article_modified_time":"2022-09-07T17:31:15+00:00","og_image":[{"width":2560,"height":1656,"url":"https:\/\/mlu4zurlnqg2.i.optimole.com\/w:auto\/h:auto\/q:mauto\/f:best\/https:\/\/espritofadventures.com\/wp-content\/uploads\/2022\/08\/EOAfamilyDrawing6-scaled.jpg","type":"image\/jpeg"}],"twitter_card":"summary_large_image","twitter_misc":{"Dur\u00e9e de lecture estim\u00e9e":"2 minutes"},"schema":{"@context":"https:\/\/schema.org","@graph":[{"@type":"WebPage","@id":"https:\/\/espritofadventures.com\/authors\/","url":"https:\/\/espritofadventures.com\/authors\/","name":"Authors page - Esprit of Adventures","isPartOf":{"@id":"https:\/\/espritofadventures.com\/fr\/#website"},"primaryImageOfPage":{"@id":"https:\/\/espritofadventures.com\/authors\/#primaryimage"},"image":{"@id":"https:\/\/espritofadventures.com\/authors\/#primaryimage"},"thumbnailUrl":"https:\/\/mlu4zurlnqg2.i.optimole.com\/w:auto\/h:auto\/q:mauto\/f:best\/https:\/\/espritofadventures.com\/wp-content\/uploads\/2022\/08\/EOAfamilyDrawing6-scaled.jpg","datePublished":"2018-03-12T13:41:23+00:00","dateModified":"2022-09-07T17:31:15+00:00","breadcrumb":{"@id":"https:\/\/espritofadventures.com\/authors\/#breadcrumb"},"inLanguage":"fr-FR","potentialAction":[{"@type":"ReadAction","target":["https:\/\/espritofadventures.com\/authors\/"]}]},{"@type":"ImageObject","inLanguage":"fr-FR","@id":"https:\/\/espritofadventures.com\/authors\/#primaryimage","url":"https:\/\/mlu4zurlnqg2.i.optimole.com\/w:auto\/h:auto\/q:mauto\/f:best\/https:\/\/espritofadventures.com\/wp-content\/uploads\/2022\/08\/EOAfamilyDrawing6-scaled.jpg","contentUrl":"https:\/\/mlu4zurlnqg2.i.optimole.com\/w:auto\/h:auto\/q:mauto\/f:best\/https:\/\/espritofadventures.com\/wp-content\/uploads\/2022\/08\/EOAfamilyDrawing6-scaled.jpg","width":2560,"height":1656},{"@type":"BreadcrumbList","@id":"https:\/\/espritofadventures.com\/authors\/#breadcrumb","itemListElement":[{"@type":"ListItem","position":1,"name":"Home","item":"https:\/\/espritofadventures.com\/"},{"@type":"ListItem","position":2,"name":"Authors page"}]},{"@type":"WebSite","@id":"https:\/\/espritofadventures.com\/fr\/#website","url":"https:\/\/espritofadventures.com\/fr\/","name":"Esprit of Adventures","description":"Family Travel year world","potentialAction":[{"@type":"SearchAction","target":{"@type":"EntryPoint","urlTemplate":"https:\/\/espritofadventures.com\/fr\/?s={search_term_string}"},"query-input":{"@type":"PropertyValueSpecification","valueRequired":true,"valueName":"search_term_string"}}],"inLanguage":"fr-FR"}]}},"_links":{"self":[{"href":"https:\/\/espritofadventures.com\/fr\/wp-json\/wp\/v2\/pages\/538","targetHints":{"allow":["GET"]}}],"collection":[{"href":"https:\/\/espritofadventures.com\/fr\/wp-json\/wp\/v2\/pages"}],"about":[{"href":"https:\/\/espritofadventures.com\/fr\/wp-json\/wp\/v2\/types\/page"}],"author":[{"embeddable":true,"href":"https:\/\/espritofadventures.com\/fr\/wp-json\/wp\/v2\/users\/1"}],"replies":[{"embeddable":true,"href":"https:\/\/espritofadventures.com\/fr\/wp-json\/wp\/v2\/comments?post=538"}],"version-history":[{"count":5,"href":"https:\/\/espritofadventures.com\/fr\/wp-json\/wp\/v2\/pages\/538\/revisions"}],"predecessor-version":[{"id":893,"href":"https:\/\/espritofadventures.com\/fr\/wp-json\/wp\/v2\/pages\/538\/revisions\/893"}],"wp:featuredmedia":[{"embeddable":true,"href":"https:\/\/espritofadventures.com\/fr\/wp-json\/wp\/v2\/media\/736"}],"wp:attachment":[{"href":"https:\/\/espritofadventures.com\/fr\/wp-json\/wp\/v2\/media?parent=538"}],"wp:term":[{"taxonomy":"author","embeddable":true,"href":"https:\/\/espritofadventures.com\/fr\/wp-json\/wp\/v2\/ppma_author?post=538"}],"curies":[{"name":"wp","href":"https:\/\/api.w.org\/{rel}","templated":true}]}}